{"id":3578,"date":"2021-10-08T13:42:35","date_gmt":"2021-10-08T11:42:35","guid":{"rendered":"http:\/\/gabinetkosmetycznypiaseczno.pl\/?page_id=3578"},"modified":"2021-12-30T12:33:41","modified_gmt":"2021-12-30T11:33:41","slug":"zabiegi-beauty","status":"publish","type":"page","link":"https:\/\/gabinetkosmetycznypiaseczno.pl\/index.php\/elements\/zabiegi-beauty\/","title":{"rendered":"Zabiegi Beauty"},"content":{"rendered":"<p>[vc_row row_content_width=&#8221;grid&#8221; simple_background_color=&#8221;#f4f4f4&#8243; css=&#8221;.vc_custom_1512125884374{padding-top: 100px !important;padding-bottom: 100px !important;}&#8221;][vc_column width=&#8221;1\/5&#8243;][vc_wp_custommenu nav_menu=&#8221;205&#8243;][\/vc_column][vc_column width=&#8221;4\/5&#8243;]<div class=\"qodef-accordion-holder qodef-ac-default  qodef-toggle qodef-ac-boxed clearfix\">\n\t<h5 class=\"qodef-accordion-title\">\n    <span class=\"qodef-accordion-mark\">\n\t\t<span class=\"qodef_icon_plus ion-plus\"><\/span>\n\t\t<span class=\"qodef_icon_minus ion-minus\"><\/span>\n\t<\/span>\n\t<span class=\"qodef-tab-title\">Stylizacja brwi i rz\u0119s<\/span>\n<\/h5>\n<div class=\"qodef-accordion-content\">\n\t<div class=\"qodef-accordion-content-inner\">\n\t\t<div class=\"qodef-pricing-list\"><ul class=\"qodef-pricing-list-wrapper\">            <li class=\"qodef-pricing-list-item\" style=\"background-color: #f4f4f4\">\n            <div class=\"qodef-pricing-list-item-main clearfix\">\n                <h5 class=\"qodef-pricing-list-item-title\" style=\"background-color: #f4f4f4\"> Przed\u0142u\u017canie i zag\u0119szczanie rz\u0119s <\/h5>\n                <h5 class=\"qodef-pricing-list-item-price\" style=\"background-color: #f4f4f4\">   <\/h5>\n            <\/div>\n            <p class=\"qodef-pricing-list-item-subtitle\">  <\/p>\n        <\/li>\n            <li class=\"qodef-pricing-list-item\" style=\"background-color: #f4f4f4\">\n            <div class=\"qodef-pricing-list-item-main clearfix\">\n                <h5 class=\"qodef-pricing-list-item-title\" style=\"background-color: #f4f4f4\"> Laminacja rz\u0119s + lifting + botox <\/h5>\n                <h5 class=\"qodef-pricing-list-item-price\" style=\"background-color: #f4f4f4\">   <\/h5>\n            <\/div>\n            <p class=\"qodef-pricing-list-item-subtitle\">  <\/p>\n        <\/li>\n            <li class=\"qodef-pricing-list-item\" style=\"background-color: #f4f4f4\">\n            <div class=\"qodef-pricing-list-item-main clearfix\">\n                <h5 class=\"qodef-pricing-list-item-title\" style=\"background-color: #f4f4f4\"> Henna proszkowa, kremowa, pudrowa <\/h5>\n                <h5 class=\"qodef-pricing-list-item-price\" style=\"background-color: #f4f4f4\">   <\/h5>\n            <\/div>\n            <p class=\"qodef-pricing-list-item-subtitle\">  <\/p>\n        <\/li>\n            <li class=\"qodef-pricing-list-item\" style=\"background-color: #f4f4f4\">\n            <div class=\"qodef-pricing-list-item-main clearfix\">\n                <h5 class=\"qodef-pricing-list-item-title\" style=\"background-color: #f4f4f4\"> Regulacja brwi p\u0119set\u0105 \/ woskiem <\/h5>\n                <h5 class=\"qodef-pricing-list-item-price\" style=\"background-color: #f4f4f4\">   <\/h5>\n            <\/div>\n            <p class=\"qodef-pricing-list-item-subtitle\">  <\/p>\n        <\/li>\n    <\/ul><\/div>\t<\/div>\n<\/div><h5 class=\"qodef-accordion-title\">\n    <span class=\"qodef-accordion-mark\">\n\t\t<span class=\"qodef_icon_plus ion-plus\"><\/span>\n\t\t<span class=\"qodef_icon_minus ion-minus\"><\/span>\n\t<\/span>\n\t<span class=\"qodef-tab-title\">Wiza\u017c<\/span>\n<\/h5>\n<div class=\"qodef-accordion-content\">\n\t<div class=\"qodef-accordion-content-inner\">\n\t\t<div class=\"qodef-pricing-list\"><ul class=\"qodef-pricing-list-wrapper\">            <li class=\"qodef-pricing-list-item\" style=\"background-color: #f4f4f4\">\n            <div class=\"qodef-pricing-list-item-main clearfix\">\n                <h5 class=\"qodef-pricing-list-item-title\" style=\"background-color: #f4f4f4\"> Makija\u017c dzienny, \u015blubny, wieczorowy + k\u0119pki rz\u0119s  <\/h5>\n                <h5 class=\"qodef-pricing-list-item-price\" style=\"background-color: #f4f4f4\">   <\/h5>\n            <\/div>\n            <p class=\"qodef-pricing-list-item-subtitle\">  <\/p>\n        <\/li>\n            <li class=\"qodef-pricing-list-item\" style=\"background-color: #f4f4f4\">\n            <div class=\"qodef-pricing-list-item-main clearfix\">\n                <h5 class=\"qodef-pricing-list-item-title\" style=\"background-color: #f4f4f4\"> Porady i lekcje makija\u017cu <\/h5>\n                <h5 class=\"qodef-pricing-list-item-price\" style=\"background-color: #f4f4f4\">   <\/h5>\n            <\/div>\n            <p class=\"qodef-pricing-list-item-subtitle\">  <\/p>\n        <\/li>\n    <\/ul><\/div>\t<\/div>\n<\/div><h5 class=\"qodef-accordion-title\">\n    <span class=\"qodef-accordion-mark\">\n\t\t<span class=\"qodef_icon_plus ion-plus\"><\/span>\n\t\t<span class=\"qodef_icon_minus ion-minus\"><\/span>\n\t<\/span>\n\t<span class=\"qodef-tab-title\">Elektrokoagulacja<\/span>\n<\/h5>\n<div class=\"qodef-accordion-content\">\n\t<div class=\"qodef-accordion-content-inner\">\n\t\t<div class=\"qodef-pricing-list\"><ul class=\"qodef-pricing-list-wrapper\">            <li class=\"qodef-pricing-list-item\" style=\"background-color: #f4f4f4\">\n            <div class=\"qodef-pricing-list-item-main clearfix\">\n                <h5 class=\"qodef-pricing-list-item-title\" style=\"background-color: #f4f4f4\"> Usuwanie w\u0142\u00f3kniak\u00f3w, brodawek , naczy\u0144 rubinowych, naczynek, gruczolak\u00f3w \u0142ojotokowych, kurzajek <\/h5>\n                <h5 class=\"qodef-pricing-list-item-price\" style=\"background-color: #f4f4f4\">   <\/h5>\n            <\/div>\n            <p class=\"qodef-pricing-list-item-subtitle\">  <\/p>\n        <\/li>\n    <\/ul><\/div>\t<\/div>\n<\/div><h5 class=\"qodef-accordion-title\">\n    <span class=\"qodef-accordion-mark\">\n\t\t<span class=\"qodef_icon_plus ion-plus\"><\/span>\n\t\t<span class=\"qodef_icon_minus ion-minus\"><\/span>\n\t<\/span>\n\t<span class=\"qodef-tab-title\">Przekuwanie<\/span>\n<\/h5>\n<div class=\"qodef-accordion-content\">\n\t<div class=\"qodef-accordion-content-inner\">\n\t\t<div class=\"qodef-pricing-list\"><ul class=\"qodef-pricing-list-wrapper\">            <li class=\"qodef-pricing-list-item\" style=\"background-color: #f4f4f4\">\n            <div class=\"qodef-pricing-list-item-main clearfix\">\n                <h5 class=\"qodef-pricing-list-item-title\" style=\"background-color: #f4f4f4\"> Przekucie uszu pistoletem + sterylne kolczyki <\/h5>\n                <h5 class=\"qodef-pricing-list-item-price\" style=\"background-color: #f4f4f4\">   <\/h5>\n            <\/div>\n            <p class=\"qodef-pricing-list-item-subtitle\">  <\/p>\n        <\/li>\n    <\/ul><\/div>\t<\/div>\n<\/div><\/div>[\/vc_column][\/vc_row]<\/p>\n","protected":false},"excerpt":{"rendered":"<p>[vc_row row_content_width=&#8221;grid&#8221; simple_background_color=&#8221;#f4f4f4&#8243; css=&#8221;.vc_custom_1512125884374{padding-top: 100px !important;padding-bottom: 100px !important;}&#8221;][vc_column width=&#8221;1\/5&#8243;][vc_wp_custommenu nav_menu=&#8221;205&#8243;][\/vc_column][vc_column width=&#8221;4\/5&#8243;][\/vc_column][\/vc_row]<\/p>\n","protected":false},"author":1,"featured_media":0,"parent":1803,"menu_order":0,"comment_status":"closed","ping_status":"closed","template":"full-width.php","meta":{"footnotes":""},"class_list":["post-3578","page","type-page","status-publish","hentry"],"_links":{"self":[{"href":"https:\/\/gabinetkosmetycznypiaseczno.pl\/index.php\/wp-json\/wp\/v2\/pages\/3578","targetHints":{"allow":["GET"]}}],"collection":[{"href":"https:\/\/gabinetkosmetycznypiaseczno.pl\/index.php\/wp-json\/wp\/v2\/pages"}],"about":[{"href":"https:\/\/gabinetkosmetycznypiaseczno.pl\/index.php\/wp-json\/wp\/v2\/types\/page"}],"author":[{"embeddable":true,"href":"https:\/\/gabinetkosmetycznypiaseczno.pl\/index.php\/wp-json\/wp\/v2\/users\/1"}],"replies":[{"embeddable":true,"href":"https:\/\/gabinetkosmetycznypiaseczno.pl\/index.php\/wp-json\/wp\/v2\/comments?post=3578"}],"version-history":[{"count":19,"href":"https:\/\/gabinetkosmetycznypiaseczno.pl\/index.php\/wp-json\/wp\/v2\/pages\/3578\/revisions"}],"predecessor-version":[{"id":3806,"href":"https:\/\/gabinetkosmetycznypiaseczno.pl\/index.php\/wp-json\/wp\/v2\/pages\/3578\/revisions\/3806"}],"up":[{"embeddable":true,"href":"https:\/\/gabinetkosmetycznypiaseczno.pl\/index.php\/wp-json\/wp\/v2\/pages\/1803"}],"wp:attachment":[{"href":"https:\/\/gabinetkosmetycznypiaseczno.pl\/index.php\/wp-json\/wp\/v2\/media?parent=3578"}],"curies":[{"name":"wp","href":"https:\/\/api.w.org\/{rel}","templated":true}]}}