{"id":3613,"date":"2021-10-14T01:00:16","date_gmt":"2021-10-13T23:00:16","guid":{"rendered":"http:\/\/gabinetkosmetycznypiaseczno.pl\/?page_id=3613"},"modified":"2021-12-30T12:32:41","modified_gmt":"2021-12-30T11:32:41","slug":"dlonie-i-stopy","status":"publish","type":"page","link":"https:\/\/gabinetkosmetycznypiaseczno.pl\/index.php\/elements\/dlonie-i-stopy\/","title":{"rendered":"D\u0142onie i Stopy \/ Podologia"},"content":{"rendered":"<p>[vc_row row_content_width=&#8221;grid&#8221; simple_background_color=&#8221;#f4f4f4&#8243; css=&#8221;.vc_custom_1512125884374{padding-top: 100px !important;padding-bottom: 100px !important;}&#8221;][vc_column width=&#8221;1\/5&#8243;][vc_wp_custommenu nav_menu=&#8221;206&#8243;][\/vc_column][vc_column width=&#8221;4\/5&#8243;]<div class=\"qodef-accordion-holder qodef-ac-default  qodef-toggle qodef-ac-boxed clearfix\">\n\t<h5 class=\"qodef-accordion-title\">\n    <span class=\"qodef-accordion-mark\">\n\t\t<span class=\"qodef_icon_plus ion-plus\"><\/span>\n\t\t<span class=\"qodef_icon_minus ion-minus\"><\/span>\n\t<\/span>\n\t<span class=\"qodef-tab-title\">Zabiegi na d\u0142onie<\/span>\n<\/h5>\n<div class=\"qodef-accordion-content\">\n\t<div class=\"qodef-accordion-content-inner\">\n\t\t<div class=\"qodef-pricing-list\"><ul class=\"qodef-pricing-list-wrapper\">            <li class=\"qodef-pricing-list-item\" style=\"background-color: #f4f4f4\">\n            <div class=\"qodef-pricing-list-item-main clearfix\">\n                <h5 class=\"qodef-pricing-list-item-title\" style=\"background-color: #f4f4f4\"> Manicure klasyczny bez malowania i z malowaniem  <\/h5>\n                <h5 class=\"qodef-pricing-list-item-price\" style=\"background-color: #f4f4f4\">    <\/h5>\n            <\/div>\n            <p class=\"qodef-pricing-list-item-subtitle\">  <\/p>\n        <\/li>\n            <li class=\"qodef-pricing-list-item\" style=\"background-color: #f4f4f4\">\n            <div class=\"qodef-pricing-list-item-main clearfix\">\n                <h5 class=\"qodef-pricing-list-item-title\" style=\"background-color: #f4f4f4\"> Manicure SPA (japo\u0144ski) <\/h5>\n                <h5 class=\"qodef-pricing-list-item-price\" style=\"background-color: #f4f4f4\">    <\/h5>\n            <\/div>\n            <p class=\"qodef-pricing-list-item-subtitle\">  <\/p>\n        <\/li>\n            <li class=\"qodef-pricing-list-item\" style=\"background-color: #f4f4f4\">\n            <div class=\"qodef-pricing-list-item-main clearfix\">\n                <h5 class=\"qodef-pricing-list-item-title\" style=\"background-color: #f4f4f4\"> Manicure hybrydowy <\/h5>\n                <h5 class=\"qodef-pricing-list-item-price\" style=\"background-color: #f4f4f4\">    <\/h5>\n            <\/div>\n            <p class=\"qodef-pricing-list-item-subtitle\">  <\/p>\n        <\/li>\n            <li class=\"qodef-pricing-list-item\" style=\"background-color: #f4f4f4\">\n            <div class=\"qodef-pricing-list-item-main clearfix\">\n                <h5 class=\"qodef-pricing-list-item-title\" style=\"background-color: #f4f4f4\"> Pomalowanie paznokci hybryd\u0105, lakierem winylowym, \u017celowym <\/h5>\n                <h5 class=\"qodef-pricing-list-item-price\" style=\"background-color: #f4f4f4\">    <\/h5>\n            <\/div>\n            <p class=\"qodef-pricing-list-item-subtitle\">  <\/p>\n        <\/li>\n            <li class=\"qodef-pricing-list-item\" style=\"background-color: #f4f4f4\">\n            <div class=\"qodef-pricing-list-item-main clearfix\">\n                <h5 class=\"qodef-pricing-list-item-title\" style=\"background-color: #f4f4f4\"> Zdj\u0119cie hybrydy <\/h5>\n                <h5 class=\"qodef-pricing-list-item-price\" style=\"background-color: #f4f4f4\">    <\/h5>\n            <\/div>\n            <p class=\"qodef-pricing-list-item-subtitle\">  <\/p>\n        <\/li>\n            <li class=\"qodef-pricing-list-item\" style=\"background-color: #f4f4f4\">\n            <div class=\"qodef-pricing-list-item-main clearfix\">\n                <h5 class=\"qodef-pricing-list-item-title\" style=\"background-color: #f4f4f4\"> Obci\u0119cie, opi\u0142owanie paznokci  <\/h5>\n                <h5 class=\"qodef-pricing-list-item-price\" style=\"background-color: #f4f4f4\">    <\/h5>\n            <\/div>\n            <p class=\"qodef-pricing-list-item-subtitle\">  <\/p>\n        <\/li>\n            <li class=\"qodef-pricing-list-item\" style=\"background-color: #f4f4f4\">\n            <div class=\"qodef-pricing-list-item-main clearfix\">\n                <h5 class=\"qodef-pricing-list-item-title\" style=\"background-color: #f4f4f4\"> Peeling + maska + parafina d\u0142onie, maska w formie r\u0119kawic <\/h5>\n                <h5 class=\"qodef-pricing-list-item-price\" style=\"background-color: #f4f4f4\">    <\/h5>\n            <\/div>\n            <p class=\"qodef-pricing-list-item-subtitle\">  <\/p>\n        <\/li>\n            <li class=\"qodef-pricing-list-item\" style=\"background-color: #f4f4f4\">\n            <div class=\"qodef-pricing-list-item-main clearfix\">\n                <h5 class=\"qodef-pricing-list-item-title\" style=\"background-color: #f4f4f4\"> Odm\u0142adzanie d\u0142oni FR <\/h5>\n                <h5 class=\"qodef-pricing-list-item-price\" style=\"background-color: #f4f4f4\">    <\/h5>\n            <\/div>\n            <p class=\"qodef-pricing-list-item-subtitle\">  <\/p>\n        <\/li>\n            <li class=\"qodef-pricing-list-item\" style=\"background-color: #f4f4f4\">\n            <div class=\"qodef-pricing-list-item-main clearfix\">\n                <h5 class=\"qodef-pricing-list-item-title\" style=\"background-color: #f4f4f4\"> Przed\u0142u\u017canie paznokci \u017celem, akrylem + hybryda <\/h5>\n                <h5 class=\"qodef-pricing-list-item-price\" style=\"background-color: #f4f4f4\">    <\/h5>\n            <\/div>\n            <p class=\"qodef-pricing-list-item-subtitle\">  <\/p>\n        <\/li>\n            <li class=\"qodef-pricing-list-item\" style=\"background-color: #f4f4f4\">\n            <div class=\"qodef-pricing-list-item-main clearfix\">\n                <h5 class=\"qodef-pricing-list-item-title\" style=\"background-color: #f4f4f4\"> Uzupe\u0142nienie \u017celu, akrylu + hybryda <\/h5>\n                <h5 class=\"qodef-pricing-list-item-price\" style=\"background-color: #f4f4f4\">    <\/h5>\n            <\/div>\n            <p class=\"qodef-pricing-list-item-subtitle\">  <\/p>\n        <\/li>\n            <li class=\"qodef-pricing-list-item\" style=\"background-color: #f4f4f4\">\n            <div class=\"qodef-pricing-list-item-main clearfix\">\n                <h5 class=\"qodef-pricing-list-item-title\" style=\"background-color: #f4f4f4\"> \u017bel \/ akryl na naturaln\u0105 p\u0142ytk\u0119 + hybryda <\/h5>\n                <h5 class=\"qodef-pricing-list-item-price\" style=\"background-color: #f4f4f4\">    <\/h5>\n            <\/div>\n            <p class=\"qodef-pricing-list-item-subtitle\">  <\/p>\n        <\/li>\n            <li class=\"qodef-pricing-list-item\" style=\"background-color: #f4f4f4\">\n            <div class=\"qodef-pricing-list-item-main clearfix\">\n                <h5 class=\"qodef-pricing-list-item-title\" style=\"background-color: #f4f4f4\"> Naprawa uszkodzonego paznokcia <\/h5>\n                <h5 class=\"qodef-pricing-list-item-price\" style=\"background-color: #f4f4f4\">    <\/h5>\n            <\/div>\n            <p class=\"qodef-pricing-list-item-subtitle\">  <\/p>\n        <\/li>\n            <li class=\"qodef-pricing-list-item\" style=\"background-color: #f4f4f4\">\n            <div class=\"qodef-pricing-list-item-main clearfix\">\n                <h5 class=\"qodef-pricing-list-item-title\" style=\"background-color: #f4f4f4\"> Wzmocnienie paznokci baz\u0105 kauczukow\u0105 \/ proteinow\u0105 \/ keratynow\u0105  <\/h5>\n                <h5 class=\"qodef-pricing-list-item-price\" style=\"background-color: #f4f4f4\">    <\/h5>\n            <\/div>\n            <p class=\"qodef-pricing-list-item-subtitle\">  <\/p>\n        <\/li>\n            <li class=\"qodef-pricing-list-item\" style=\"background-color: #f4f4f4\">\n            <div class=\"qodef-pricing-list-item-main clearfix\">\n                <h5 class=\"qodef-pricing-list-item-title\" style=\"background-color: #f4f4f4\"> Zdobienie paznokcia french \/ kocie oko \/ baby boomer <\/h5>\n                <h5 class=\"qodef-pricing-list-item-price\" style=\"background-color: #f4f4f4\">    <\/h5>\n            <\/div>\n            <p class=\"qodef-pricing-list-item-subtitle\">  <\/p>\n        <\/li>\n    <\/ul><\/div>\t<\/div>\n<\/div><h5 class=\"qodef-accordion-title\">\n    <span class=\"qodef-accordion-mark\">\n\t\t<span class=\"qodef_icon_plus ion-plus\"><\/span>\n\t\t<span class=\"qodef_icon_minus ion-minus\"><\/span>\n\t<\/span>\n\t<span class=\"qodef-tab-title\">Zabiegi na stopy \/ Podologia<\/span>\n<\/h5>\n<div class=\"qodef-accordion-content\">\n\t<div class=\"qodef-accordion-content-inner\">\n\t\t<div class=\"qodef-pricing-list\"><ul class=\"qodef-pricing-list-wrapper\">            <li class=\"qodef-pricing-list-item\" style=\"background-color: #f4f4f4\">\n            <div class=\"qodef-pricing-list-item-main clearfix\">\n                <h5 class=\"qodef-pricing-list-item-title\" style=\"background-color: #f4f4f4\"> Pedicure klasyczny z malowaniem i bez malowania  <\/h5>\n                <h5 class=\"qodef-pricing-list-item-price\" style=\"background-color: #f4f4f4\">    <\/h5>\n            <\/div>\n            <p class=\"qodef-pricing-list-item-subtitle\">  <\/p>\n        <\/li>\n            <li class=\"qodef-pricing-list-item\" style=\"background-color: #f4f4f4\">\n            <div class=\"qodef-pricing-list-item-main clearfix\">\n                <h5 class=\"qodef-pricing-list-item-title\" style=\"background-color: #f4f4f4\"> Pedicure SPA (japo\u0144ski + maska) <\/h5>\n                <h5 class=\"qodef-pricing-list-item-price\" style=\"background-color: #f4f4f4\">    <\/h5>\n            <\/div>\n            <p class=\"qodef-pricing-list-item-subtitle\">  <\/p>\n        <\/li>\n            <li class=\"qodef-pricing-list-item\" style=\"background-color: #f4f4f4\">\n            <div class=\"qodef-pricing-list-item-main clearfix\">\n                <h5 class=\"qodef-pricing-list-item-title\" style=\"background-color: #f4f4f4\"> Pedicure hybrydowy \/ \u017celowy \/ akrylowy <\/h5>\n                <h5 class=\"qodef-pricing-list-item-price\" style=\"background-color: #f4f4f4\">    <\/h5>\n            <\/div>\n            <p class=\"qodef-pricing-list-item-subtitle\">  <\/p>\n        <\/li>\n            <li class=\"qodef-pricing-list-item\" style=\"background-color: #f4f4f4\">\n            <div class=\"qodef-pricing-list-item-main clearfix\">\n                <h5 class=\"qodef-pricing-list-item-title\" style=\"background-color: #f4f4f4\"> Malowanie paznokci u st\u00f3p hybryd\u0105 + obr\u00f3bka paznokci  <\/h5>\n                <h5 class=\"qodef-pricing-list-item-price\" style=\"background-color: #f4f4f4\">    <\/h5>\n            <\/div>\n            <p class=\"qodef-pricing-list-item-subtitle\">  <\/p>\n        <\/li>\n            <li class=\"qodef-pricing-list-item\" style=\"background-color: #f4f4f4\">\n            <div class=\"qodef-pricing-list-item-main clearfix\">\n                <h5 class=\"qodef-pricing-list-item-title\" style=\"background-color: #f4f4f4\"> Parafina \/ maska w formie skarpet \/ kwas glikolowy <\/h5>\n                <h5 class=\"qodef-pricing-list-item-price\" style=\"background-color: #f4f4f4\">    <\/h5>\n            <\/div>\n            <p class=\"qodef-pricing-list-item-subtitle\">  <\/p>\n        <\/li>\n            <li class=\"qodef-pricing-list-item\" style=\"background-color: #f4f4f4\">\n            <div class=\"qodef-pricing-list-item-main clearfix\">\n                <h5 class=\"qodef-pricing-list-item-title\" style=\"background-color: #f4f4f4\"> Terapia podologiczna (usuwanie odcisk\u00f3w, modzeli, obr\u00f3bka pi\u0119ty pop\u0119kanej, usuwanie kurzajek) <\/h5>\n                <h5 class=\"qodef-pricing-list-item-price\" style=\"background-color: #f4f4f4\">    <\/h5>\n            <\/div>\n            <p class=\"qodef-pricing-list-item-subtitle\">  <\/p>\n        <\/li>\n            <li class=\"qodef-pricing-list-item\" style=\"background-color: #f4f4f4\">\n            <div class=\"qodef-pricing-list-item-main clearfix\">\n                <h5 class=\"qodef-pricing-list-item-title\" style=\"background-color: #f4f4f4\"> Podci\u0119cie, tamponada, opatrunki wrastaj\u0105cych paznokci  <\/h5>\n                <h5 class=\"qodef-pricing-list-item-price\" style=\"background-color: #f4f4f4\">    <\/h5>\n            <\/div>\n            <p class=\"qodef-pricing-list-item-subtitle\">  <\/p>\n        <\/li>\n            <li class=\"qodef-pricing-list-item\" style=\"background-color: #f4f4f4\">\n            <div class=\"qodef-pricing-list-item-main clearfix\">\n                <h5 class=\"qodef-pricing-list-item-title\" style=\"background-color: #f4f4f4\"> Klamra metalowa i drutowa na wrastaj\u0105cy paznokie\u0107 <\/h5>\n                <h5 class=\"qodef-pricing-list-item-price\" style=\"background-color: #f4f4f4\">    <\/h5>\n            <\/div>\n            <p class=\"qodef-pricing-list-item-subtitle\">  <\/p>\n        <\/li>\n            <li class=\"qodef-pricing-list-item\" style=\"background-color: #f4f4f4\">\n            <div class=\"qodef-pricing-list-item-main clearfix\">\n                <h5 class=\"qodef-pricing-list-item-title\" style=\"background-color: #f4f4f4\"> Prze\u0142o\u017cenie klamry metalowej i drutowej <\/h5>\n                <h5 class=\"qodef-pricing-list-item-price\" style=\"background-color: #f4f4f4\">    <\/h5>\n            <\/div>\n            <p class=\"qodef-pricing-list-item-subtitle\">  <\/p>\n        <\/li>\n            <li class=\"qodef-pricing-list-item\" style=\"background-color: #f4f4f4\">\n            <div class=\"qodef-pricing-list-item-main clearfix\">\n                <h5 class=\"qodef-pricing-list-item-title\" style=\"background-color: #f4f4f4\"> Rekonstrukcja paznokci  <\/h5>\n                <h5 class=\"qodef-pricing-list-item-price\" style=\"background-color: #f4f4f4\">    <\/h5>\n            <\/div>\n            <p class=\"qodef-pricing-list-item-subtitle\">  <\/p>\n        <\/li>\n    <\/ul><\/div>\t<\/div>\n<\/div><\/div>[\/vc_column][\/vc_row]<\/p>\n","protected":false},"excerpt":{"rendered":"<p>[vc_row row_content_width=&#8221;grid&#8221; simple_background_color=&#8221;#f4f4f4&#8243; css=&#8221;.vc_custom_1512125884374{padding-top: 100px !important;padding-bottom: 100px !important;}&#8221;][vc_column width=&#8221;1\/5&#8243;][vc_wp_custommenu nav_menu=&#8221;206&#8243;][\/vc_column][vc_column width=&#8221;4\/5&#8243;][\/vc_column][\/vc_row]<\/p>\n","protected":false},"author":1,"featured_media":0,"parent":1803,"menu_order":0,"comment_status":"closed","ping_status":"closed","template":"full-width.php","meta":{"footnotes":""},"class_list":["post-3613","page","type-page","status-publish","hentry"],"_links":{"self":[{"href":"https:\/\/gabinetkosmetycznypiaseczno.pl\/index.php\/wp-json\/wp\/v2\/pages\/3613","targetHints":{"allow":["GET"]}}],"collection":[{"href":"https:\/\/gabinetkosmetycznypiaseczno.pl\/index.php\/wp-json\/wp\/v2\/pages"}],"about":[{"href":"https:\/\/gabinetkosmetycznypiaseczno.pl\/index.php\/wp-json\/wp\/v2\/types\/page"}],"author":[{"embeddable":true,"href":"https:\/\/gabinetkosmetycznypiaseczno.pl\/index.php\/wp-json\/wp\/v2\/users\/1"}],"replies":[{"embeddable":true,"href":"https:\/\/gabinetkosmetycznypiaseczno.pl\/index.php\/wp-json\/wp\/v2\/comments?post=3613"}],"version-history":[{"count":13,"href":"https:\/\/gabinetkosmetycznypiaseczno.pl\/index.php\/wp-json\/wp\/v2\/pages\/3613\/revisions"}],"predecessor-version":[{"id":3805,"href":"https:\/\/gabinetkosmetycznypiaseczno.pl\/index.php\/wp-json\/wp\/v2\/pages\/3613\/revisions\/3805"}],"up":[{"embeddable":true,"href":"https:\/\/gabinetkosmetycznypiaseczno.pl\/index.php\/wp-json\/wp\/v2\/pages\/1803"}],"wp:attachment":[{"href":"https:\/\/gabinetkosmetycznypiaseczno.pl\/index.php\/wp-json\/wp\/v2\/media?parent=3613"}],"curies":[{"name":"wp","href":"https:\/\/api.w.org\/{rel}","templated":true}]}}