{"id":543,"date":"2017-11-13T11:15:37","date_gmt":"2017-11-13T11:15:37","guid":{"rendered":"http:\/\/blush.select-themes.com\/?page_id=543"},"modified":"2022-02-23T23:26:42","modified_gmt":"2022-02-23T22:26:42","slug":"skincare-home","status":"publish","type":"page","link":"https:\/\/gabinetkosmetycznypiaseczno.pl\/","title":{"rendered":"Skincare Home"},"content":{"rendered":"<p>[vc_row][vc_column][\/vc_column][\/vc_row][vc_row equal_height=&#8221;yes&#8221; content_placement=&#8221;middle&#8221; css=&#8221;.vc_custom_1510586150669{background-color: #f1f1f1 !important;}&#8221;][vc_column css=&#8221;.vc_custom_1510578448669{padding-top: 0px !important;padding-right: 0px !important;}&#8221; offset=&#8221;vc_col-lg-6 vc_col-md-12&#8243;]<div class=\"qodef-elements-holder   qodef-one-column  qodef-responsive-mode-768 \" style=\"background-color: #fafafa\"><div class=\"qodef-eh-item    \" style=\"background-image: url(https:\/\/gabinetkosmetycznypiaseczno.pl\/wp-content\/uploads\/2017\/11\/h3-img-2.jpg)\" data-item-class=\"qodef-eh-custom-8478\">\n\t\t<div class=\"qodef-eh-item-inner\">\n\t\t<div class=\"qodef-eh-item-content qodef-eh-custom-8478\" style=\"padding: 348px 0px\">\n\t\t\t\t\t<\/div>\n\t<\/div>\n<\/div><\/div>[\/vc_column][vc_column css=&#8221;.vc_custom_1510585016713{padding-top: 0px !important;padding-left: 0px !important;}&#8221; offset=&#8221;vc_col-lg-6 vc_col-md-12&#8243;]<div class=\"qodef-elements-holder   qodef-one-column  qodef-responsive-mode-768 \" ><div class=\"qodef-eh-item    \" style=\"background-image: url(https:\/\/gabinetkosmetycznypiaseczno.pl\/wp-content\/uploads\/2021\/09\/nail-salon-01.png)\" data-item-class=\"qodef-eh-custom-9238\" data-1280-1600=\"155px 170px 155px\" data-1024-1280=\"155px 125px 155px 155px\" data-768-1024=\"86px 144px\" data-680-768=\"67px 82px 67px 100px\" data-680=\"65px 20px 65px 55px\">\n\t\t<div class=\"qodef-eh-item-inner\">\n\t\t<div class=\"qodef-eh-item-content qodef-eh-custom-9238\" style=\"padding: 155px 45% 155px 164px\">\n\t\t\t<div class=\"qodef-svg-separator-holder qodef-svg-separator-large qodef-svg-separator-animated\">\n    <div class=\"qodef-svg-separator qodef-svg-frames-class\" data-svg-frames=\"15\" data-svg-drawing=\"yes\" >\n        <svg version=\"1.1\"   xmlns=\"http:\/\/www.w3.org\/2000\/svg\" xmlns:xlink=\"http:\/\/www.w3.org\/1999\/xlink\" x=\"0px\" y=\"0px\" width=\"56.344px\" height=\"9.438px\" viewBox=\"0 0 56.344 9.438\" enable-background=\"new 0 0 56.344 9.438\" xml:space=\"preserve\">\n            <path fill=\"none\" stroke=\"#000000\" stroke-miterlimit=\"10\" d=\"M0.364,0.375 8.715,8.726 16.716,0.726 24.716,8.726 32.439,1.005 40.16,8.726 48.161,0.726 55.998,8.563 \"\/>\n        <\/svg>\n    <\/div>\n<\/div>[vc_column_text css=&#8221;.vc_custom_1645655204065{padding-right: 12% !important;}&#8221;]<\/p>\n<h1 class=\"vc_custom_heading\">Twarz i cia\u0142o oraz laseroterapia<\/h1>\n<p>[\/vc_column_text][vc_empty_space height=&#8221;24px&#8221;][vc_custom_heading text=&#8221;Kosmetyka piel\u0119gnacyjna&#8221; font_container=&#8221;tag:h5|text_align:left&#8221; google_fonts=&#8221;font_family:Karla%3Aregular%2Citalic%2C700%2C700italic|font_style:400%20regular%3A400%3Anormal&#8221;][vc_empty_space height=&#8221;37px&#8221;]<a itemprop=\"url\" href=\"https:\/\/gabinetkosmetycznypiaseczno.pl\/index.php\/elements\/accordions-toggles\/\" target=\"_self\" style=\"color: #000000;border-color: #000000\" class=\"qodef-btn qodef-btn-medium qodef-btn-outline qodef-btn-custom-hover-bg qodef-btn-custom-border-hover qodef-btn-custom-hover-color qodef-btn-icon\" data-hover-color=\"#000000\" data-hover-bg-color=\"#f8dcdb\" data-hover-border-color=\"#000000\" >\n    <span class=\"qodef-btn-text\">Oferta<\/span>\n    <i class=\"qodef-icon-ion-icon ion-android-arrow-forward \" ><\/i><\/a>[vc_empty_space height=&#8221;17px&#8221;]\t\t<\/div>\n\t<\/div>\n<\/div><\/div>[\/vc_column][\/vc_row][vc_row equal_height=&#8221;yes&#8221; content_placement=&#8221;middle&#8221; css=&#8221;.vc_custom_1510586150669{background-color: #f1f1f1 !important;}&#8221;][vc_column css=&#8221;.vc_custom_1510585016713{padding-top: 0px !important;padding-left: 0px !important;}&#8221; offset=&#8221;vc_col-lg-6 vc_col-md-12&#8243;]<div class=\"qodef-elements-holder   qodef-one-column  qodef-responsive-mode-768 \" ><div class=\"qodef-eh-item    \"  data-item-class=\"qodef-eh-custom-5087\" data-1280-1600=\"155px 170px 155px\" data-1024-1280=\"155px 125px 155px 155px\" data-768-1024=\"86px 144px\" data-680-768=\"67px 82px 67px 100px\" data-680=\"65px 20px 65px 55px\">\n\t\t<div class=\"qodef-eh-item-inner\">\n\t\t<div class=\"qodef-eh-item-content qodef-eh-custom-5087\" style=\"padding: 155px 45% 155px 164px\">\n\t\t\t<div class=\"qodef-svg-separator-holder qodef-svg-separator-large qodef-svg-separator-animated\">\n    <div class=\"qodef-svg-separator qodef-svg-frames-class\" data-svg-frames=\"15\" data-svg-drawing=\"yes\" >\n        <svg version=\"1.1\"   xmlns=\"http:\/\/www.w3.org\/2000\/svg\" xmlns:xlink=\"http:\/\/www.w3.org\/1999\/xlink\" x=\"0px\" y=\"0px\" width=\"56.344px\" height=\"9.438px\" viewBox=\"0 0 56.344 9.438\" enable-background=\"new 0 0 56.344 9.438\" xml:space=\"preserve\">\n            <path fill=\"none\" stroke=\"#000000\" stroke-miterlimit=\"10\" d=\"M0.364,0.375 8.715,8.726 16.716,0.726 24.716,8.726 32.439,1.005 40.16,8.726 48.161,0.726 55.998,8.563 \"\/>\n        <\/svg>\n    <\/div>\n<\/div>[vc_column_text css=&#8221;.vc_custom_1633094461697{padding-right: 12% !important;}&#8221;]<\/p>\n<h1 class=\"vc_custom_heading\">D\u0142onie i stopy<\/h1>\n<p>[\/vc_column_text][vc_empty_space height=&#8221;24px&#8221;][vc_custom_heading text=&#8221;Podologia i piel\u0119gnacja&#8221; font_container=&#8221;tag:h5|text_align:left&#8221; google_fonts=&#8221;font_family:Karla%3Aregular%2Citalic%2C700%2C700italic|font_style:400%20regular%3A400%3Anormal&#8221;][vc_empty_space height=&#8221;37px&#8221;]<a itemprop=\"url\" href=\"https:\/\/gabinetkosmetycznypiaseczno.pl\/index.php\/elements\/dlonie-i-stopy\/\" target=\"_self\" style=\"color: #000000;border-color: #000000\" class=\"qodef-btn qodef-btn-medium qodef-btn-outline qodef-btn-custom-hover-bg qodef-btn-custom-border-hover qodef-btn-custom-hover-color qodef-btn-icon\" data-hover-color=\"#000000\" data-hover-bg-color=\"#f8dcdb\" data-hover-border-color=\"#000000\" >\n    <span class=\"qodef-btn-text\">Oferta<\/span>\n    <i class=\"qodef-icon-ion-icon ion-android-arrow-forward \" ><\/i><\/a>[vc_empty_space height=&#8221;17px&#8221;]\t\t<\/div>\n\t<\/div>\n<\/div><\/div>[\/vc_column][vc_column css=&#8221;.vc_custom_1510578448669{padding-top: 0px !important;padding-right: 0px !important;}&#8221; offset=&#8221;vc_col-lg-6 vc_col-md-12&#8243;]<div class=\"qodef-elements-holder   qodef-one-column  qodef-responsive-mode-768 \" style=\"background-color: #fafafa\"><div class=\"qodef-eh-item    \" style=\"background-image: url(https:\/\/gabinetkosmetycznypiaseczno.pl\/wp-content\/uploads\/2017\/11\/blog-post-m-6.jpg)\" data-item-class=\"qodef-eh-custom-6414\">\n\t\t<div class=\"qodef-eh-item-inner\">\n\t\t<div class=\"qodef-eh-item-content qodef-eh-custom-6414\" style=\"padding: 348px 0px\">\n\t\t\t\t\t<\/div>\n\t<\/div>\n<\/div><\/div>[\/vc_column][\/vc_row][vc_row equal_height=&#8221;yes&#8221; content_placement=&#8221;middle&#8221; css=&#8221;.vc_custom_1510586150669{background-color: #f1f1f1 !important;}&#8221;][vc_column css=&#8221;.vc_custom_1510578448669{padding-top: 0px !important;padding-right: 0px !important;}&#8221; offset=&#8221;vc_col-lg-6 vc_col-md-12&#8243;]<div class=\"qodef-elements-holder   qodef-one-column  qodef-responsive-mode-768 \" style=\"background-color: #fafafa\"><div class=\"qodef-eh-item    \" style=\"background-image: url(https:\/\/gabinetkosmetycznypiaseczno.pl\/wp-content\/uploads\/2017\/11\/about-me-img-3.jpg)\" data-item-class=\"qodef-eh-custom-5158\">\n\t\t<div class=\"qodef-eh-item-inner\">\n\t\t<div class=\"qodef-eh-item-content qodef-eh-custom-5158\" style=\"padding: 348px 0px\">\n\t\t\t\t\t<\/div>\n\t<\/div>\n<\/div><\/div>[\/vc_column][vc_column css=&#8221;.vc_custom_1510585016713{padding-top: 0px !important;padding-left: 0px !important;}&#8221; offset=&#8221;vc_col-lg-6 vc_col-md-12&#8243;]<div class=\"qodef-elements-holder   qodef-one-column  qodef-responsive-mode-768 \" ><div class=\"qodef-eh-item    \"  data-item-class=\"qodef-eh-custom-7491\" data-1280-1600=\"155px 170px 155px\" data-1024-1280=\"155px 125px 155px 155px\" data-768-1024=\"86px 144px\" data-680-768=\"67px 82px 67px 100px\" data-680=\"65px 20px 65px 55px\">\n\t\t<div class=\"qodef-eh-item-inner\">\n\t\t<div class=\"qodef-eh-item-content qodef-eh-custom-7491\" style=\"padding: 155px 45% 155px 164px\">\n\t\t\t<div class=\"qodef-svg-separator-holder qodef-svg-separator-large qodef-svg-separator-animated\">\n    <div class=\"qodef-svg-separator qodef-svg-frames-class\" data-svg-frames=\"15\" data-svg-drawing=\"yes\" >\n        <svg version=\"1.1\"   xmlns=\"http:\/\/www.w3.org\/2000\/svg\" xmlns:xlink=\"http:\/\/www.w3.org\/1999\/xlink\" x=\"0px\" y=\"0px\" width=\"56.344px\" height=\"9.438px\" viewBox=\"0 0 56.344 9.438\" enable-background=\"new 0 0 56.344 9.438\" xml:space=\"preserve\">\n            <path fill=\"none\" stroke=\"#000000\" stroke-miterlimit=\"10\" d=\"M0.364,0.375 8.715,8.726 16.716,0.726 24.716,8.726 32.439,1.005 40.16,8.726 48.161,0.726 55.998,8.563 \"\/>\n        <\/svg>\n    <\/div>\n<\/div>[vc_column_text css=&#8221;.vc_custom_1633088259777{padding-right: 12% !important;}&#8221;]<\/p>\n<h1 class=\"vc_custom_heading\">Zabiegi Beauty<\/h1>\n<p>[\/vc_column_text][vc_empty_space height=&#8221;24px&#8221;][vc_custom_heading text=&#8221;Makija\u017c, zabiegi upi\u0119kszaj\u0105ce&#8221; font_container=&#8221;tag:h5|text_align:left&#8221; google_fonts=&#8221;font_family:Karla%3Aregular%2Citalic%2C700%2C700italic|font_style:400%20regular%3A400%3Anormal&#8221;][vc_empty_space height=&#8221;37px&#8221;]<a itemprop=\"url\" href=\"https:\/\/gabinetkosmetycznypiaseczno.pl\/index.php\/elements\/zabiegi-beauty\/\" target=\"_self\" style=\"color: #000000;background-color: #ffffff;border-color: #000000\" class=\"qodef-btn qodef-btn-medium qodef-btn-solid qodef-btn-custom-hover-bg qodef-btn-custom-border-hover qodef-btn-custom-hover-color qodef-btn-icon\" data-hover-color=\"#000000\" data-hover-bg-color=\"#f8dcdb\" data-hover-border-color=\"#000000\" >\n    <span class=\"qodef-btn-text\">Oferta<\/span>\n    <i class=\"qodef-icon-ion-icon ion-android-arrow-forward \" ><\/i><\/a>\t\t<\/div>\n\t<\/div>\n<\/div><\/div>[\/vc_column][\/vc_row][vc_row row_content_width=&#8221;grid&#8221; content_text_aligment=&#8221;center&#8221; parallax_background_image=&#8221;749&#8243; css=&#8221;.vc_custom_1510653408475{padding-top: 120px !important;padding-bottom: 120px !important;}&#8221;][vc_column offset=&#8221;vc_col-lg-offset-1 vc_col-lg-10 vc_col-md-offset-1 vc_col-md-10&#8243; css=&#8221;.vc_custom_1633095292844{padding-top: 0px !important;background-color: #ffffff !important;}&#8221;][vc_row_inner css=&#8221;.vc_custom_1510653921985{padding-top: 108px !important;padding-bottom: 100px !important;}&#8221;][vc_column_inner width=&#8221;5\/6&#8243; offset=&#8221;vc_col-lg-offset-2 vc_col-lg-8 vc_col-md-offset-1 vc_col-md-10 vc_col-sm-offset-1&#8243; css=&#8221;.vc_custom_1512646698506{padding-top: 0px !important;padding-right: 6% !important;padding-left: 6% !important;background-color: #ffffff !important;}&#8221;][vc_single_image image=&#8221;1251&#8243; img_size=&#8221;medium&#8221; alignment=&#8221;center&#8221;][vc_custom_heading text=&#8221;Doradz\u0119&#8221; font_container=&#8221;tag:h1|font_size:60|text_align:center&#8221; google_fonts=&#8221;font_family:Karla%3Aregular%2Citalic%2C700%2C700italic|font_style:700%20bold%20regular%3A700%3Anormal&#8221;][vc_empty_space height=&#8221;27px&#8221;][vc_custom_heading text=&#8221;Je\u015bli potrzebujesz pomocy w doborze us\u0142ugi \u2013 skontaktuj si\u0119 ze mn\u0105!<br \/>\nJestem do Twojej dyspozycji!&#8221; font_container=&#8221;tag:h4|font_size:20|text_align:center&#8221; google_fonts=&#8221;font_family:Karla%3Aregular%2Citalic%2C700%2C700italic|font_style:400%20regular%3A400%3Anormal&#8221;][vc_empty_space height=&#8221;57px&#8221;]<a itemprop=\"url\" href=\"https:\/\/gabinetkosmetycznypiaseczno.pl\/index.php\/contact-us\/\" target=\"_self\" style=\"color: #000000;background-color: #ffffff;border-color: #000000\" class=\"qodef-btn qodef-btn-large qodef-btn-solid qodef-btn-custom-hover-bg qodef-btn-custom-border-hover qodef-btn-custom-hover-color qodef-btn-icon\" data-hover-color=\"#000000\" data-hover-bg-color=\"#f8dcdb\" data-hover-border-color=\"#000000\" >\n    <span class=\"qodef-btn-text\">Kontakt<\/span>\n    <i class=\"qodef-icon-ion-icon ion-android-call \" ><\/i><\/a>[\/vc_column_inner][\/vc_row_inner][\/vc_column][\/vc_row]<\/p>\n","protected":false},"excerpt":{"rendered":"<p>[vc_row][vc_column][\/vc_column][\/vc_row][vc_row equal_height=&#8221;yes&#8221; content_placement=&#8221;middle&#8221; css=&#8221;.vc_custom_1510586150669{background-color: #f1f1f1 !important;}&#8221;][vc_column css=&#8221;.vc_custom_1510578448669{padding-top: 0px !important;padding-right: 0px !important;}&#8221; offset=&#8221;vc_col-lg-6 vc_col-md-12&#8243;][\/vc_column][vc_column css=&#8221;.vc_custom_1510585016713{padding-top: 0px !important;padding-left: 0px !important;}&#8221; [&hellip;]<\/p>\n","protected":false},"author":1,"featured_media":0,"parent":0,"menu_order":0,"comment_status":"closed","ping_status":"closed","template":"full-width.php","meta":{"footnotes":""},"class_list":["post-543","page","type-page","status-publish","hentry"],"_links":{"self":[{"href":"https:\/\/gabinetkosmetycznypiaseczno.pl\/index.php\/wp-json\/wp\/v2\/pages\/543","targetHints":{"allow":["GET"]}}],"collection":[{"href":"https:\/\/gabinetkosmetycznypiaseczno.pl\/index.php\/wp-json\/wp\/v2\/pages"}],"about":[{"href":"https:\/\/gabinetkosmetycznypiaseczno.pl\/index.php\/wp-json\/wp\/v2\/types\/page"}],"author":[{"embeddable":true,"href":"https:\/\/gabinetkosmetycznypiaseczno.pl\/index.php\/wp-json\/wp\/v2\/users\/1"}],"replies":[{"embeddable":true,"href":"https:\/\/gabinetkosmetycznypiaseczno.pl\/index.php\/wp-json\/wp\/v2\/comments?post=543"}],"version-history":[{"count":95,"href":"https:\/\/gabinetkosmetycznypiaseczno.pl\/index.php\/wp-json\/wp\/v2\/pages\/543\/revisions"}],"predecessor-version":[{"id":3853,"href":"https:\/\/gabinetkosmetycznypiaseczno.pl\/index.php\/wp-json\/wp\/v2\/pages\/543\/revisions\/3853"}],"wp:attachment":[{"href":"https:\/\/gabinetkosmetycznypiaseczno.pl\/index.php\/wp-json\/wp\/v2\/media?parent=543"}],"curies":[{"name":"wp","href":"https:\/\/api.w.org\/{rel}","templated":true}]}}